{"id":39,"date":"2024-10-29T08:38:45","date_gmt":"2024-10-29T08:38:45","guid":{"rendered":"https:\/\/elparo.be\/?page_id=39"},"modified":"2025-03-13T10:13:50","modified_gmt":"2025-03-13T10:13:50","slug":"maak-en-bewaar-uw-eigen-groene-stroom","status":"publish","type":"page","link":"https:\/\/elparo.be\/","title":{"rendered":"Welkom"},"content":{"rendered":"\n<h2 class=\"wp-block-heading has-text-align-center has-black-color has-luminous-vivid-orange-background-color has-text-color has-background has-link-color has-huge-font-size wp-elements-6a7b59c1163af96e2cafb404187273ff\">Nieuw bij ELPARO: ENERGIECAFE<\/h2>\n\n\n\n<p><a href=\"https:\/\/open.spotify.com\/episode\/1SBTjRth9eVw8b7m5xnBVH?si=733e3cd47f904ae6\" data-type=\"link\" data-id=\"https:\/\/open.spotify.com\/episode\/1SBTjRth9eVw8b7m5xnBVH?si=733e3cd47f904ae6\">luister even <\/a><\/p>\n\n\n\n<p><\/p>\n\n\n\n<p><\/p>\n\n\n\n<p class=\"has-text-align-center\">Inschrijven: <a href=\"https:\/\/elparo.be\/index.php\/energiecafe\/\" data-type=\"link\" data-id=\"https:\/\/elparo.be\/index.php\/energiecafe\/\">&#8220;ENERGIECAFE&#8221;<\/a><\/p>\n\n\n\n<div class=\"wp-block-columns is-layout-flex wp-container-core-columns-is-layout-9d6595d7 wp-block-columns-is-layout-flex\">\n<div class=\"wp-block-column is-layout-flow wp-block-column-is-layout-flow\" style=\"flex-basis:66.66%\">\n<h2 class=\"wp-block-heading\">Maak en bewaar uw eigen groene stroom&#8230;<\/h2>\n\n\n\n<p>Zet het invallende zonlicht om naar onmiddellijk bruikbare stroom dankzij photo-volta\u00efsche panelen. Maar wat zijn photo-volta\u00efsche panelen nu juist? Waarom zou ik hier in investeren? Wat komt er allemaal bij kijken? En vooral: wat kost het? Allemaal vragen waar u op deze site een woordje uitleg over vindt.<\/p>\n\n\n\n<div class=\"wp-block-buttons is-layout-flex wp-block-buttons-is-layout-flex\">\n<div class=\"wp-block-button\"><a class=\"wp-block-button__link wp-element-button\" href=\"\/index.php\/zonnepanelen\/\" style=\"padding-top:var(--wp--preset--spacing--20);padding-right:var(--wp--preset--spacing--60);padding-bottom:var(--wp--preset--spacing--20);padding-left:var(--wp--preset--spacing--60)\">Zonnepanelen<\/a><\/div>\n<\/div>\n\n\n\n<p style=\"padding-top:var(--wp--preset--spacing--50);padding-bottom:0\">Produceer niet alleen je eigen energie, maar gebruik hem zo optimaal mogelijk door de zonnepaneelinstallatie te combineren met een thuisopslag systeem. Hierdoor bewaar je je eigen geproduceerde energie tot je hem nodig hebt zonder het elektriciteitsnet extra te belasten. Met de mogelijkheid om met je batterij goedkope stroom aan te kopen, maar ook je stroom te verkopen aan een betere prijs. Ook kan je de batterijen (laten) gebruiken om het stroomnet in balans te houden, wat dan weer een vergoeding opbrengt.<\/p>\n\n\n\n<div class=\"wp-block-buttons is-layout-flex wp-block-buttons-is-layout-flex\">\n<div class=\"wp-block-button\"><a class=\"wp-block-button__link wp-element-button\" href=\"\/index.php\/thuisbatterij\/\" style=\"padding-top:var(--wp--preset--spacing--20);padding-right:var(--wp--preset--spacing--60);padding-bottom:var(--wp--preset--spacing--20);padding-left:var(--wp--preset--spacing--60)\">Thuisbatterij<\/a><\/div>\n<\/div>\n<\/div>\n\n\n\n<div class=\"wp-block-column is-layout-flow wp-block-column-is-layout-flow\" style=\"flex-basis:33.33%\">\n<figure class=\"wp-block-image size-large is-resized\"><img loading=\"lazy\" decoding=\"async\" width=\"1024\" height=\"766\" src=\"https:\/\/elparo.be\/wp-content\/uploads\/2024\/10\/P1010141-1024x766.jpg\" alt=\"\" class=\"wp-image-56\" style=\"width:400px\" srcset=\"https:\/\/elparo.be\/wp-content\/uploads\/2024\/10\/P1010141-1024x766.jpg 1024w, https:\/\/elparo.be\/wp-content\/uploads\/2024\/10\/P1010141-300x225.jpg 300w, https:\/\/elparo.be\/wp-content\/uploads\/2024\/10\/P1010141-768x575.jpg 768w, https:\/\/elparo.be\/wp-content\/uploads\/2024\/10\/P1010141.jpg 1280w\" sizes=\"auto, (max-width: 1024px) 100vw, 1024px\" \/><\/figure>\n<\/div>\n<\/div>\n\n\n\n<div class=\"wp-block-columns is-layout-flex wp-container-core-columns-is-layout-9d6595d7 wp-block-columns-is-layout-flex\">\n<div class=\"wp-block-column is-layout-flow wp-block-column-is-layout-flow\" style=\"flex-basis:66.66%\">\n<h2 class=\"wp-block-heading\">Warmtepompen: Haal natuurlijke warmte in huis&#8230;<\/h2>\n\n\n\n<p>Ze pompen letterlijk de warmte die zich in onze omgeving (lucht, water, grond) bevindt in onze huizen. Deze omgevingswarmte is gratis dus moeten we enkel de pomp doen draaien door middel van elektriciteit. In de meest gunstige omstandigheden resulteerd dit in tot 4 keer efficientere warmte-opbrengsten vergeleken met conventionele &#8220;stook-technieken&#8221;, waardoor 1 kWh aan elektrische energie tot 4 kWh aan warmte oplevert.<\/p>\n\n\n\n<div class=\"wp-block-buttons is-layout-flex wp-block-buttons-is-layout-flex\">\n<div class=\"wp-block-button\"><a class=\"wp-block-button__link wp-element-button\" href=\"\/index.php\/warmtepomp\/\" style=\"padding-top:var(--wp--preset--spacing--20);padding-right:var(--wp--preset--spacing--60);padding-bottom:var(--wp--preset--spacing--20);padding-left:var(--wp--preset--spacing--60)\">Warmtepompen<\/a><\/div>\n<\/div>\n<\/div>\n\n\n\n<div class=\"wp-block-column is-layout-flow wp-block-column-is-layout-flow\" style=\"flex-basis:33.33%\">\n<figure class=\"wp-block-image size-large is-resized\"><img decoding=\"async\" src=\"http:\/\/www.elparo.be\/Main\/warmtepomp-wpl25-320.jpg\" alt=\"\" style=\"width:auto;height:300px\"\/><\/figure>\n<\/div>\n<\/div>\n\n\n\n<div class=\"wp-block-columns is-layout-flex wp-container-core-columns-is-layout-9d6595d7 wp-block-columns-is-layout-flex\">\n<div class=\"wp-block-column is-layout-flow wp-block-column-is-layout-flow\" style=\"flex-basis:66.66%\">\n<h2 class=\"wp-block-heading\">Zonnecollectoren: Net dat beetje meer uit de zon&#8230;<\/h2>\n\n\n\n<p>Haal nog net dat beetje meer uit de zon door middel van een zonnecollector. De warme straling van de zon die direct invalt op de collecter zorgt voor een rechtstreekse opwarming van uw sanitair water. Door slim om te gaan met dit gratis warm water levert het systeem tot 50% van het benodigde warm water in een doorsnee gezin.<\/p>\n<\/div>\n\n\n\n<div class=\"wp-block-column is-layout-flow wp-block-column-is-layout-flow\" style=\"flex-basis:33.33%\">\n<figure class=\"wp-block-image size-large is-resized\"><img decoding=\"async\" src=\"http:\/\/www.elparo.be\/Main\/crop_2010052507370375.jpg\" alt=\"\" style=\"width:400px\"\/><\/figure>\n<\/div>\n<\/div>\n\n\n\n<h2 class=\"wp-block-heading\">Combineer alles!<\/h2>\n\n\n\n<p>Integreer photo-volta\u00efsche zonnepanelen, een warmtepomp en zonnecollectoren in \u00e9\u00e9n syteem een laat deze toestellen u helpen uw ecologische voetafdruk te verkleinen. Neem contact met ons op en wij helpen u verder voor het bepalen van een gecombineerd systeem op uw maat.<\/p>\n\n\n\n<div class=\"wp-block-buttons is-layout-flex wp-block-buttons-is-layout-flex\">\n<div class=\"wp-block-button\"><a class=\"wp-block-button__link wp-element-button\" href=\"\/index.php\/contact\/\" style=\"padding-top:var(--wp--preset--spacing--20);padding-right:var(--wp--preset--spacing--60);padding-bottom:var(--wp--preset--spacing--20);padding-left:var(--wp--preset--spacing--60)\">Contact<\/a><\/div>\n<\/div>\n","protected":false},"excerpt":{"rendered":"<p>Nieuw bij ELPARO: ENERGIECAFE luister even Inschrijven: &#8220;ENERGIECAFE&#8221; Maak en bewaar uw eigen groene stroom&#8230; Zet het invallende zonlicht om naar onmiddellijk bruikbare stroom dankzij photo-volta\u00efsche panelen. Maar wat zijn photo-volta\u00efsche panelen nu juist? Waarom zou ik hier in investeren? Wat komt er allemaal bij kijken? En vooral: wat kost het? Allemaal vragen waar u &hellip;<\/p>\n","protected":false},"author":2,"featured_media":0,"parent":0,"menu_order":0,"comment_status":"closed","ping_status":"closed","template":"","meta":{"footnotes":""},"class_list":["post-39","page","type-page","status-publish","hentry"],"_links":{"self":[{"href":"https:\/\/elparo.be\/index.php\/wp-json\/wp\/v2\/pages\/39","targetHints":{"allow":["GET"]}}],"collection":[{"href":"https:\/\/elparo.be\/index.php\/wp-json\/wp\/v2\/pages"}],"about":[{"href":"https:\/\/elparo.be\/index.php\/wp-json\/wp\/v2\/types\/page"}],"author":[{"embeddable":true,"href":"https:\/\/elparo.be\/index.php\/wp-json\/wp\/v2\/users\/2"}],"replies":[{"embeddable":true,"href":"https:\/\/elparo.be\/index.php\/wp-json\/wp\/v2\/comments?post=39"}],"version-history":[{"count":39,"href":"https:\/\/elparo.be\/index.php\/wp-json\/wp\/v2\/pages\/39\/revisions"}],"predecessor-version":[{"id":489,"href":"https:\/\/elparo.be\/index.php\/wp-json\/wp\/v2\/pages\/39\/revisions\/489"}],"wp:attachment":[{"href":"https:\/\/elparo.be\/index.php\/wp-json\/wp\/v2\/media?parent=39"}],"curies":[{"name":"wp","href":"https:\/\/api.w.org\/{rel}","templated":true}]}}